{"id":4590,"date":"2020-12-17T13:22:24","date_gmt":"2020-12-17T11:22:24","guid":{"rendered":"https:\/\/kalmaliving.com\/home\/"},"modified":"2024-11-08T11:52:58","modified_gmt":"2024-11-08T09:52:58","slug":"home","status":"publish","type":"page","link":"https:\/\/kalmaliving.com\/fr\/","title":{"rendered":"Home"},"content":{"rendered":"<p>Vous venez de d\u00e9couvrir un petit endroit, secret et luxueux, sur l\u2019\u00eele de Kythnos.<\/p>\n<p><em>Kalma Living <\/em>est un complexe de villas r\u00e9cemment construit, inspir\u00e9 par la beaut\u00e9 sauvage de l\u2019environnement et le langoureux mode de vie de l\u2019\u00eele.<\/p>\n<p>Prenez pour un temps vos distances des distractions bruyantes et laissez vous aller dans un espace de lenteur, vraiment n\u00e9cessaires pour votre bien \u00eatre. Avec ses espaces en plein air, son luxe discret et son intimit\u00e9 pr\u00e9serv\u00e9e, Kalma Living offre un s\u00e9jour priv\u00e9 et isol\u00e9 aux personnes souhaitant se d\u00e9tendre dans une atmosph\u00e8re raffin\u00e9e.<\/p>\n<p>En s\u00e9journant \u00e0 Kalma Living, vous aurez l&rsquo;impression de ne faire qu&rsquo;un avec la nature.<\/p>\n<p>Ici, le temps est \u00e0 vous !<\/p>\n","protected":false},"excerpt":{"rendered":"<p>Vous venez de d\u00e9couvrir un petit endroit, secret et luxueux, sur l\u2019\u00eele de Kythnos. Kalma Living est un complexe de villas r\u00e9cemment construit, inspir\u00e9 par la beaut\u00e9 sauvage de l\u2019environnement et le langoureux mode de vie de l\u2019\u00eele. Prenez pour&hellip;<\/p>\n","protected":false},"author":1,"featured_media":0,"parent":0,"menu_order":0,"comment_status":"closed","ping_status":"closed","template":"kobo\/home.php","meta":{"_acf_changed":false,"footnotes":""},"class_list":["post-4590","page","type-page","status-publish","hentry","entry","no-media"],"acf":[],"aioseo_notices":[],"_links":{"self":[{"href":"https:\/\/kalmaliving.com\/fr\/wp-json\/wp\/v2\/pages\/4590"}],"collection":[{"href":"https:\/\/kalmaliving.com\/fr\/wp-json\/wp\/v2\/pages"}],"about":[{"href":"https:\/\/kalmaliving.com\/fr\/wp-json\/wp\/v2\/types\/page"}],"author":[{"embeddable":true,"href":"https:\/\/kalmaliving.com\/fr\/wp-json\/wp\/v2\/users\/1"}],"replies":[{"embeddable":true,"href":"https:\/\/kalmaliving.com\/fr\/wp-json\/wp\/v2\/comments?post=4590"}],"version-history":[{"count":0,"href":"https:\/\/kalmaliving.com\/fr\/wp-json\/wp\/v2\/pages\/4590\/revisions"}],"wp:attachment":[{"href":"https:\/\/kalmaliving.com\/fr\/wp-json\/wp\/v2\/media?parent=4590"}],"curies":[{"name":"wp","href":"https:\/\/api.w.org\/{rel}","templated":true}]}}