{"id":4589,"date":"2021-03-09T11:42:45","date_gmt":"2021-03-09T09:42:45","guid":{"rendered":"https:\/\/kalmaliving.com\/about\/"},"modified":"2024-12-06T09:47:48","modified_gmt":"2024-12-06T07:47:48","slug":"about","status":"publish","type":"page","link":"https:\/\/kalmaliving.com\/fr\/about\/","title":{"rendered":"A propos de nous"},"content":{"rendered":"<p>Lorsque l&rsquo;on entre dans nos villas, on se glisse facilement dans un monde parfaitement am\u00e9nag\u00e9 o\u00f9 la vie insulaire se d\u00e9roule \u00e0 un rythme d\u00e9tendu. Con\u00e7ue pour offrir un espace de vie et de respiration, Kalma Living Kythnos invite \u00e0 s&rsquo;\u00e9vader de l&rsquo;agitation et du bruit de la vie quotidienne, o\u00f9 chaque \u00e9l\u00e9ment adopte une philosophie plus d\u00e9contract\u00e9e.<\/p>\n<p>&nbsp;<\/p>\n","protected":false},"excerpt":{"rendered":"<p>Lorsque l&rsquo;on entre dans nos villas, on se glisse facilement dans un monde parfaitement am\u00e9nag\u00e9 o\u00f9 la vie insulaire se d\u00e9roule \u00e0 un rythme d\u00e9tendu. Con\u00e7ue pour offrir un espace de vie et de respiration, Kalma Living Kythnos invite \u00e0&hellip;<\/p>\n","protected":false},"author":1,"featured_media":4545,"parent":0,"menu_order":0,"comment_status":"closed","ping_status":"closed","template":"kobo\/about.php","meta":{"_acf_changed":false,"footnotes":""},"class_list":["post-4589","page","type-page","status-publish","has-post-thumbnail","hentry","entry","has-media"],"acf":[],"aioseo_notices":[],"_links":{"self":[{"href":"https:\/\/kalmaliving.com\/fr\/wp-json\/wp\/v2\/pages\/4589"}],"collection":[{"href":"https:\/\/kalmaliving.com\/fr\/wp-json\/wp\/v2\/pages"}],"about":[{"href":"https:\/\/kalmaliving.com\/fr\/wp-json\/wp\/v2\/types\/page"}],"author":[{"embeddable":true,"href":"https:\/\/kalmaliving.com\/fr\/wp-json\/wp\/v2\/users\/1"}],"replies":[{"embeddable":true,"href":"https:\/\/kalmaliving.com\/fr\/wp-json\/wp\/v2\/comments?post=4589"}],"version-history":[{"count":0,"href":"https:\/\/kalmaliving.com\/fr\/wp-json\/wp\/v2\/pages\/4589\/revisions"}],"wp:featuredmedia":[{"embeddable":true,"href":"https:\/\/kalmaliving.com\/fr\/wp-json\/wp\/v2\/media\/4545"}],"wp:attachment":[{"href":"https:\/\/kalmaliving.com\/fr\/wp-json\/wp\/v2\/media?parent=4589"}],"curies":[{"name":"wp","href":"https:\/\/api.w.org\/{rel}","templated":true}]}}