{"id":4588,"date":"2021-03-09T11:42:50","date_gmt":"2021-03-09T09:42:50","guid":{"rendered":"https:\/\/kalmaliving.com\/our-villas\/"},"modified":"2024-12-06T09:47:29","modified_gmt":"2024-12-06T07:47:29","slug":"our-villas","status":"publish","type":"page","link":"https:\/\/kalmaliving.com\/fr\/our-villas\/","title":{"rendered":"Sejour"},"content":{"rendered":"<p>Oubliez l&rsquo;heure en contemplant le magnifique paysage qui entoure les villas. Offrant un mode de vie merveilleusement lent, Kalma Living propose des vues \u00e0 couper le souffle et un confort infini, nich\u00e9 dans la nature de Kythnos. Offrez-vous un moment de d\u00e9tente, oubliez votre routine et laissez-vous simplement aller dans ses locaux.<\/p>\n","protected":false},"excerpt":{"rendered":"<p>Oubliez l&rsquo;heure en contemplant le magnifique paysage qui entoure les villas. Offrant un mode de vie merveilleusement lent, Kalma Living propose des vues \u00e0 couper le souffle et un confort infini, nich\u00e9 dans la nature de Kythnos. Offrez-vous un moment&hellip;<\/p>\n","protected":false},"author":1,"featured_media":0,"parent":0,"menu_order":0,"comment_status":"closed","ping_status":"closed","template":"kobo\/rooms.php","meta":{"_acf_changed":false,"footnotes":""},"class_list":["post-4588","page","type-page","status-publish","hentry","entry","no-media"],"acf":[],"aioseo_notices":[],"_links":{"self":[{"href":"https:\/\/kalmaliving.com\/fr\/wp-json\/wp\/v2\/pages\/4588"}],"collection":[{"href":"https:\/\/kalmaliving.com\/fr\/wp-json\/wp\/v2\/pages"}],"about":[{"href":"https:\/\/kalmaliving.com\/fr\/wp-json\/wp\/v2\/types\/page"}],"author":[{"embeddable":true,"href":"https:\/\/kalmaliving.com\/fr\/wp-json\/wp\/v2\/users\/1"}],"replies":[{"embeddable":true,"href":"https:\/\/kalmaliving.com\/fr\/wp-json\/wp\/v2\/comments?post=4588"}],"version-history":[{"count":0,"href":"https:\/\/kalmaliving.com\/fr\/wp-json\/wp\/v2\/pages\/4588\/revisions"}],"wp:attachment":[{"href":"https:\/\/kalmaliving.com\/fr\/wp-json\/wp\/v2\/media?parent=4588"}],"curies":[{"name":"wp","href":"https:\/\/api.w.org\/{rel}","templated":true}]}}