{"id":4583,"date":"2021-03-29T12:26:54","date_gmt":"2021-03-29T10:26:54","guid":{"rendered":"https:\/\/kalmaliving.com\/location\/"},"modified":"2024-12-06T09:47:20","modified_gmt":"2024-12-06T07:47:20","slug":"location","status":"publish","type":"page","link":"https:\/\/kalmaliving.com\/fr\/location\/","title":{"rendered":"Emplacement"},"content":{"rendered":"<p>Kythnos, une \u00eele d&rsquo;une beaut\u00e9 et d&rsquo;une s\u00e9r\u00e9nit\u00e9 inattendues, a vraiment tout pour plaire. Alors, ne vous contentez pas de voir les paysages. Profitez de l&rsquo;\u00eele comme un habitant.<\/p>\n<p>Kythnos est une \u00eele grecque pittoresque situ\u00e9e dans les Cyclades occidentales, \u00e0 une courte distance en ferry d&rsquo;Ath\u00e8nes. Connue pour ses plages immacul\u00e9es, ses charmants villages traditionnels et ses sources d&rsquo;eau chaude, Kythnos est une destination id\u00e9ale pour ceux qui recherchent la d\u00e9tente et l&rsquo;authenticit\u00e9 d&rsquo;une \u00eele grecque.<\/p>\n<p>L&rsquo;\u00eele pr\u00e9sente un relief accident\u00e9, caract\u00e9ris\u00e9 par des collines, des vall\u00e9es et des criques rocheuses. Le paysage est parsem\u00e9 de charmantes maisons blanchies \u00e0 la chaux, de rues pav\u00e9es \u00e9troites et de belles \u00e9glises. L&rsquo;un des villages les plus populaires de l&rsquo;\u00eele est la ville de Chora, perch\u00e9e au sommet d&rsquo;une colline et offrant des vues \u00e0 couper le souffle sur la mer Eg\u00e9e. Ici, les visiteurs peuvent se promener dans les rues \u00e9troites, admirer l&rsquo;architecture traditionnelle et profiter de l&rsquo;atmosph\u00e8re anim\u00e9e de la place du village.<\/p>\n<p>Kythnos abrite quelques-unes des plus belles plages des Cyclades. L&rsquo;\u00eele compte plus de 70 plages, allant de criques isol\u00e9es \u00e0 de longues \u00e9tendues de sable. La plage de Kolona, situ\u00e9e sur une \u00e9troite bande de terre reliant deux collines, est particuli\u00e8rement magnifique. Cette plage unique est consid\u00e9r\u00e9e comme l&rsquo;une des plus belles de Gr\u00e8ce, gr\u00e2ce \u00e0 ses eaux cristallines et \u00e0 son paysage spectaculaire.<\/p>\n<p>R\u00e9servez d\u00e8s aujourd&rsquo;hui et commencez \u00e0 r\u00eaver de Kythnos.<\/p>\n","protected":false},"excerpt":{"rendered":"<p>Kythnos, une \u00eele d&rsquo;une beaut\u00e9 et d&rsquo;une s\u00e9r\u00e9nit\u00e9 inattendues, a vraiment tout pour plaire. Alors, ne vous contentez pas de voir les paysages. Profitez de l&rsquo;\u00eele comme un habitant. Kythnos est une \u00eele grecque pittoresque situ\u00e9e dans les Cyclades occidentales,&hellip;<\/p>\n","protected":false},"author":1,"featured_media":0,"parent":0,"menu_order":0,"comment_status":"closed","ping_status":"closed","template":"kobo\/experiences.php","meta":{"_acf_changed":false,"footnotes":""},"class_list":["post-4583","page","type-page","status-publish","hentry","entry","no-media"],"acf":[],"aioseo_notices":[],"_links":{"self":[{"href":"https:\/\/kalmaliving.com\/fr\/wp-json\/wp\/v2\/pages\/4583"}],"collection":[{"href":"https:\/\/kalmaliving.com\/fr\/wp-json\/wp\/v2\/pages"}],"about":[{"href":"https:\/\/kalmaliving.com\/fr\/wp-json\/wp\/v2\/types\/page"}],"author":[{"embeddable":true,"href":"https:\/\/kalmaliving.com\/fr\/wp-json\/wp\/v2\/users\/1"}],"replies":[{"embeddable":true,"href":"https:\/\/kalmaliving.com\/fr\/wp-json\/wp\/v2\/comments?post=4583"}],"version-history":[{"count":0,"href":"https:\/\/kalmaliving.com\/fr\/wp-json\/wp\/v2\/pages\/4583\/revisions"}],"wp:attachment":[{"href":"https:\/\/kalmaliving.com\/fr\/wp-json\/wp\/v2\/media?parent=4583"}],"curies":[{"name":"wp","href":"https:\/\/api.w.org\/{rel}","templated":true}]}}